{"id":4548,"date":"2016-06-23T12:57:08","date_gmt":"2016-06-23T10:57:08","guid":{"rendered":"https:\/\/astridkessler.de\/en\/?page_id=4548"},"modified":"2025-01-31T11:07:36","modified_gmt":"2025-01-31T11:07:36","slug":"repertoire","status":"publish","type":"page","link":"https:\/\/astridkessler.de\/en\/repertoire\/","title":{"rendered":"Repertoire"},"content":{"rendered":"<div class=\"one withsmallpadding ppb_text\" style=\"padding:20px 0 20px 0\">\n<div class=\"standard_wrapper\">\n<div class=\"page_content_wrapper\">\n<div class=\"inner\">\n<div style=\"margin:auto;width:100%\">\n<div class=\"one_half \">\n<h3>Opera<\/h3>\n<table class=\"contenttable\" cellspacing=\"1\" cellpadding=\"3\">\n<tbody>\n<tr class=\"tr-odd tr-3\">\n<td class=\"td-0\">Catalani<\/td>\n<td class=\"td-1\">Wally<\/td>\n<td class=\"td-2\">La Wally<\/td>\n<\/tr>\n<tr class=\"tr-odd tr-5\">\n<td class=\"td-0\">Hal\u00e9vy<\/td>\n<td class=\"td-1\">Rachel<\/td>\n<td class=\"td-2\">La Juive<\/td>\n<\/tr>\n<tr class=\"tr-odd tr-5\">\n<td class=\"td-0\">Hartmann<\/td>\n<td class=\"td-1\">Simplicius<\/td>\n<td class=\"td-2\">Simplicissimus<\/td>\n<\/tr>\n<tr class=\"tr-odd tr-5\">\n<td class=\"td-0\" rowspan=\"2\">K\u00e1lm\u00e1n<\/td>\n<td class=\"td-1\">Mariza<\/td>\n<td class=\"td-2\">Gr\u00e4fin Mariza<\/td>\n<\/tr>\n<tr class=\"tr-odd tr-5\">\n<td class=\"td-1\">Feodora<\/td>\n<td class=\"td-2\">Die Zirkusprinzessin<\/td>\n<\/tr>\n<tr class=\"tr-odd tr-5\">\n<td class=\"td-0\" rowspan=\"3\">Leh\u00e1r<\/td>\n<td class=\"td-1\">Ang\u00e8le Didier<\/td>\n<td class=\"td-2\">Graf von Luxemburg<\/td>\n<\/tr>\n<tr class=\"tr-odd tr-5\">\n<td class=\"td-1\">Sonja<\/td>\n<td class=\"td-2\">Der Zarewitsch<\/td>\n<\/tr>\n<tr class=\"tr-odd tr-5\">\n<td class=\"td-1\">Hanna Glawari<\/td>\n<td class=\"td-2\">Die lustige Witwe<\/td>\n<\/tr>\n<tr class=\"tr-odd tr-5\">\n<td class=\"td-0\">Leoncavallo<\/td>\n<td class=\"td-1\">Nedda<\/td>\n<td class=\"td-2\">Pagliacci<\/td>\n<\/tr>\n<tr class=\"tr-odd tr-5\">\n<td class=\"td-0\" rowspan=\"4\">Mozart<\/td>\n<td class=\"td-1\">Elettra<\/td>\n<td class=\"td-2\">Idomeneo<\/td>\n<\/tr>\n<tr class=\"tr-odd tr-5\">\n<td class=\"td-1\">Erste Dame<\/td>\n<td class=\"td-2\">Die Zauberfl\u00f6te<\/td>\n<\/tr>\n<tr class=\"tr-odd tr-5\">\n<td class=\"td-1\">Donna Elvira<\/td>\n<td class=\"td-2\">Don Giovanni<\/td>\n<\/tr>\n<tr class=\"tr-odd tr-5\">\n<td class=\"td-1\">Contessa<\/td>\n<td class=\"td-2\">Le nozze di Figaro<\/td>\n<\/tr>\n<tr class=\"tr-odd tr-5\">\n<td class=\"td-0\" rowspan=\"3\">Puccini<\/td>\n<td class=\"td-1\">Mim\u00ec<\/td>\n<td class=\"td-2\">La Boh\u00e8me<\/td>\n<\/tr>\n<tr class=\"tr-odd tr-5\">\n<td class=\"td-1\">Ciociosan<\/td>\n<td class=\"td-2\">Madama Butterfly<\/td>\n<\/tr>\n<tr class=\"tr-odd tr-5\">\n<td class=\"td-1\">Suor Angelica (concert)<\/td>\n<td class=\"td-2\">Suor Angelica<\/td>\n<\/tr>\n<tr class=\"tr-odd tr-5\">\n<td class=\"td-0\">Schumann<\/td>\n<td class=\"td-1\">Genoveva<\/td>\n<td class=\"td-2\">Genoveva<\/td>\n<\/tr>\n<tr class=\"tr-odd tr-5\">\n<td class=\"td-0\" rowspan=\"4\">R. Strauss<\/td>\n<td class=\"td-1\">Feldmarschallin<\/td>\n<td class=\"td-2\">Rosenkavalier<\/td>\n<\/tr>\n<tr class=\"tr-odd tr-5\">\n<td class=\"td-1\">Arabella<\/td>\n<td class=\"td-2\">Arabella<\/td>\n<\/tr>\n<tr class=\"tr-odd tr-5\">\n<td class=\"td-1\">Salome<\/td>\n<td class=\"td-2\">Salome<\/td>\n<\/tr>\n<tr class=\"tr-odd tr-5\">\n<td class=\"td-1\">Chrysothemis<\/td>\n<td class=\"td-2\">Elektra<\/td>\n<\/tr>\n<tr class=\"tr-odd tr-5\">\n<td class=\"td-0\">J. Strau\u00df<\/td>\n<td class=\"td-1\">Rosalinde<\/td>\n<td class=\"td-2\">Die Fledermaus<\/td>\n<\/tr>\n<tr class=\"tr-odd tr-5\">\n<td class=\"td-0\" rowspan=\"3\">Verdi<\/td>\n<td class=\"td-1\">Giovanna<\/td>\n<td class=\"td-2\">Giovanna d&#8217;Arco<\/td>\n<\/tr>\n<tr class=\"tr-odd tr-5\">\n<td class=\"td-1\">Alice Ford<\/td>\n<td class=\"td-2\">Falstaff<\/td>\n<\/tr>\n<tr class=\"tr-odd tr-5\">\n<td class=\"td-1\">Abigaille<\/td>\n<td class=\"td-2\">Nabucco<\/td>\n<\/tr>\n<tr class=\"tr-odd tr-5\">\n<td class=\"td-0\" rowspan=\"6\">Wagner<\/td>\n<td class=\"td-1\">Eva<\/td>\n<td class=\"td-2\">Meistersinger<\/td>\n<\/tr>\n<tr class=\"tr-odd tr-5\">\n<td class=\"td-1\">Elisabeth<\/td>\n<td class=\"td-2\">Tannh\u00e4user<\/td>\n<\/tr>\n<tr class=\"tr-odd tr-5\">\n<td class=\"td-1\">Elsa<\/td>\n<td class=\"td-2\">Lohengrin<\/td>\n<\/tr>\n<tr class=\"tr-odd tr-5\">\n<td class=\"td-1\">Sieglinde \/ Siegrune<\/td>\n<td class=\"td-2\">Walk\u00fcre<\/td>\n<\/tr>\n<tr class=\"tr-odd tr-5\">\n<td class=\"td-1\">3. Norn \/ Gutrune<\/td>\n<td class=\"td-2\">G\u00f6tterd\u00e4mmerung<\/td>\n<\/tr>\n<tr class=\"tr-odd tr-5\">\n<td class=\"td-1\">Blumentm\u00e4dchen 1\/l<\/td>\n<td class=\"td-2\">Parsifal<\/td>\n<\/tr>\n<\/tbody>\n<\/table>\n<\/div>\n<div class=\"one_half last \">\n<h3>Concert<\/h3>\n<table class=\"contenttable\" cellspacing=\"1\" cellpadding=\"3\">\n<tbody>\n<tr class=\"tr-odd tr-1\">\n<td class=\"td-0\" rowspan=\"2\">Bach<\/td>\n<td class=\"td-1\">Johannes Passion<\/td>\n<\/tr>\n<tr class=\"tr-even tr-2\">\n<td class=\"td-1\">Matth\u00e4us Passion<\/td>\n<\/tr>\n<tr class=\"tr-odd tr-3\">\n<td class=\"td-0\" rowspan=\"3\">Beethoven<\/td>\n<td class=\"td-1\">Sinfonie Nr. 9<\/td>\n<\/tr>\n<tr class=\"tr-odd tr-3\">\n<td class=\"td-1\">Missa Solemnis<\/td>\n<\/tr>\n<tr class=\"tr-odd tr-3\">\n<td class=\"td-1\">Der glorreiche Augenblick (Sopran &#038; Mezzo)<\/td>\n<\/tr>\n<tr class=\"tr-odd tr-3\">\n<td class=\"td-0\">Bernstein<\/td>\n<td class=\"td-1\">Kaddisch<\/td>\n<\/tr>\n<tr class=\"tr-odd tr-3\">\n<td class=\"td-0\">Brahms<\/td>\n<td class=\"td-1\">Ein deutsches Requiem<\/td>\n<\/tr>\n<tr class=\"tr-odd tr-3\">\n<td class=\"td-0\" rowspan=\"2\">Bruckner<\/td>\n<td class=\"td-1\">Te deum<\/td>\n<\/tr>\n<tr class=\"tr-odd tr-3\">\n<td class=\"td-1\">Messe f-moll<\/td>\n<\/tr>\n<tr class=\"tr-odd tr-3\">\n<td class=\"td-0\">Couperin<\/td>\n<td class=\"td-1\">Les Le\u00e7ons de T\u00e9n\u00e8bres<\/td>\n<\/tr>\n<tr class=\"tr-odd tr-3\">\n<td class=\"td-0\" rowspan=\"2\">Haydn<\/td>\n<td class=\"td-1\">Die Sch\u00f6pfung<\/td>\n<\/tr>\n<tr class=\"tr-odd tr-3\">\n<td class=\"td-1\">Die Jahreszeiten<\/td>\n<\/tr>\n<tr class=\"tr-odd tr-3\">\n<td class=\"td-0\" rowspan=\"3\">Mendelssohn<\/td>\n<td class=\"td-1\">Lobgesang<\/td>\n<\/tr>\n<tr class=\"tr-odd tr-3\">\n<td class=\"td-1\">Elias<\/td>\n<\/tr>\n<tr class=\"tr-odd tr-3\">\n<td class=\"td-1\">Paulus (Sopran &#038; Mezzo)<\/td>\n<\/tr>\n<tr class=\"tr-odd tr-3\">\n<td class=\"td-0\">Mahler<\/td>\n<td class=\"td-1\">Sinfonie Nr. 2<\/td>\n<\/tr>\n<tr class=\"tr-odd tr-3\">\n<td class=\"td-0\" rowspan=\"2\">Mozart<\/td>\n<td class=\"td-1\">c-moll Messe (Sopran 2)<\/td>\n<\/tr>\n<tr class=\"tr-odd tr-3\">\n<td class=\"td-1\">Requiem<\/td>\n<\/tr>\n<tr class=\"tr-odd tr-3\">\n<td class=\"td-0\">Rossini<\/td>\n<td class=\"td-1\">Stabat Mater<\/td>\n<\/tr>\n<tr class=\"tr-odd tr-3\">\n<td class=\"td-0\" rowspan=\"2\">Schubert<\/td>\n<td class=\"td-1\">Messe Es-Dur<\/td>\n<\/tr>\n<tr class=\"tr-odd tr-3\">\n<td class=\"td-1\">Lazarus (Martha)<\/td>\n<\/tr>\n<tr class=\"tr-odd tr-3\">\n<td class=\"td-0\" rowspan=\"2\">Schumann<\/td>\n<td class=\"td-1\">Requiem op. 148<\/td>\n<\/tr>\n<tr class=\"tr-odd tr-3\">\n<td class=\"td-1\">Faust Szenen (Gretchen)<\/td>\n<\/tr>\n<tr class=\"tr-odd tr-3\">\n<td class=\"td-0\">Strauss<\/td>\n<td class=\"td-1\">Vier letzte Lieder<\/td>\n<\/tr>\n<tr class=\"tr-odd tr-3\">\n<td class=\"td-0\">Verdi<\/td>\n<td class=\"td-1\">Requiem<\/td>\n<\/tr>\n<tr class=\"tr-odd tr-3\">\n<td class=\"td-0\">Wagner<\/td>\n<td class=\"td-1\">Wesendonck-Lieder<\/td>\n<\/tr>\n<\/tbody>\n<\/table>\n<\/div>\n<p><br class=\"clear\" \/><\/p>\n<\/div>\n<\/div>\n<\/div>\n<\/div>\n<\/div>\n","protected":false},"excerpt":{"rendered":"<p>Opera Catalani Wally La Wally Hal\u00e9vy Rachel La Juive Hartmann Simplicius Simplicissimus K\u00e1lm\u00e1n Mariza Gr\u00e4fin Mariza Feodora Die Zirkusprinzessin Leh\u00e1r Ang\u00e8le Didier Graf von Luxemburg Sonja Der Zarewitsch Hanna Glawari Die lustige Witwe Leoncavallo Nedda Pagliacci Mozart Elettra Idomeneo Erste [&hellip;]<\/p>\n","protected":false},"author":1,"featured_media":0,"parent":0,"menu_order":0,"comment_status":"closed","ping_status":"closed","template":"","meta":{"footnotes":""},"class_list":["post-4548","page","type-page","status-publish","hentry"],"yoast_head":"<!-- This site is optimized with the Yoast SEO plugin v26.8 - https:\/\/yoast.com\/product\/yoast-seo-wordpress\/ -->\n<title>Repertoire &#8226; Astrid Kessler<\/title>\n<meta name=\"robots\" content=\"index, follow, max-snippet:-1, max-image-preview:large, max-video-preview:-1\" \/>\n<link rel=\"canonical\" href=\"https:\/\/astridkessler.de\/en\/repertoire\/\" \/>\n<meta property=\"og:locale\" content=\"en_US\" \/>\n<meta property=\"og:type\" content=\"article\" \/>\n<meta property=\"og:title\" content=\"Repertoire &#8226; Astrid Kessler\" \/>\n<meta property=\"og:description\" content=\"Opera Catalani Wally La Wally Hal\u00e9vy Rachel La Juive Hartmann Simplicius Simplicissimus K\u00e1lm\u00e1n Mariza Gr\u00e4fin Mariza Feodora Die Zirkusprinzessin Leh\u00e1r Ang\u00e8le Didier Graf von Luxemburg Sonja Der Zarewitsch Hanna Glawari Die lustige Witwe Leoncavallo Nedda Pagliacci Mozart Elettra Idomeneo Erste [&hellip;]\" \/>\n<meta property=\"og:url\" content=\"https:\/\/astridkessler.de\/en\/repertoire\/\" \/>\n<meta property=\"og:site_name\" content=\"Astrid Kessler\" \/>\n<meta property=\"article:modified_time\" content=\"2025-01-31T11:07:36+00:00\" \/>\n<meta name=\"twitter:card\" content=\"summary_large_image\" \/>\n<meta name=\"twitter:label1\" content=\"Est. reading time\" \/>\n\t<meta name=\"twitter:data1\" content=\"1 minute\" \/>\n<script type=\"application\/ld+json\" class=\"yoast-schema-graph\">{\"@context\":\"https:\/\/schema.org\",\"@graph\":[{\"@type\":\"WebPage\",\"@id\":\"https:\/\/astridkessler.de\/en\/repertoire\/\",\"url\":\"https:\/\/astridkessler.de\/en\/repertoire\/\",\"name\":\"Repertoire &#8226; Astrid Kessler\",\"isPartOf\":{\"@id\":\"https:\/\/astridkessler.de\/en\/#website\"},\"datePublished\":\"2016-06-23T10:57:08+00:00\",\"dateModified\":\"2025-01-31T11:07:36+00:00\",\"breadcrumb\":{\"@id\":\"https:\/\/astridkessler.de\/en\/repertoire\/#breadcrumb\"},\"inLanguage\":\"en-US\",\"potentialAction\":[{\"@type\":\"ReadAction\",\"target\":[\"https:\/\/astridkessler.de\/en\/repertoire\/\"]}]},{\"@type\":\"BreadcrumbList\",\"@id\":\"https:\/\/astridkessler.de\/en\/repertoire\/#breadcrumb\",\"itemListElement\":[{\"@type\":\"ListItem\",\"position\":1,\"name\":\"Startseite\",\"item\":\"https:\/\/astridkessler.de\/en\/\"},{\"@type\":\"ListItem\",\"position\":2,\"name\":\"Repertoire\"}]},{\"@type\":\"WebSite\",\"@id\":\"https:\/\/astridkessler.de\/en\/#website\",\"url\":\"https:\/\/astridkessler.de\/en\/\",\"name\":\"Astrid Kessler\",\"description\":\"Soprano\",\"potentialAction\":[{\"@type\":\"SearchAction\",\"target\":{\"@type\":\"EntryPoint\",\"urlTemplate\":\"https:\/\/astridkessler.de\/en\/?s={search_term_string}\"},\"query-input\":{\"@type\":\"PropertyValueSpecification\",\"valueRequired\":true,\"valueName\":\"search_term_string\"}}],\"inLanguage\":\"en-US\"}]}<\/script>\n<!-- \/ Yoast SEO plugin. -->","yoast_head_json":{"title":"Repertoire &#8226; Astrid Kessler","robots":{"index":"index","follow":"follow","max-snippet":"max-snippet:-1","max-image-preview":"max-image-preview:large","max-video-preview":"max-video-preview:-1"},"canonical":"https:\/\/astridkessler.de\/en\/repertoire\/","og_locale":"en_US","og_type":"article","og_title":"Repertoire &#8226; Astrid Kessler","og_description":"Opera Catalani Wally La Wally Hal\u00e9vy Rachel La Juive Hartmann Simplicius Simplicissimus K\u00e1lm\u00e1n Mariza Gr\u00e4fin Mariza Feodora Die Zirkusprinzessin Leh\u00e1r Ang\u00e8le Didier Graf von Luxemburg Sonja Der Zarewitsch Hanna Glawari Die lustige Witwe Leoncavallo Nedda Pagliacci Mozart Elettra Idomeneo Erste [&hellip;]","og_url":"https:\/\/astridkessler.de\/en\/repertoire\/","og_site_name":"Astrid Kessler","article_modified_time":"2025-01-31T11:07:36+00:00","twitter_card":"summary_large_image","twitter_misc":{"Est. reading time":"1 minute"},"schema":{"@context":"https:\/\/schema.org","@graph":[{"@type":"WebPage","@id":"https:\/\/astridkessler.de\/en\/repertoire\/","url":"https:\/\/astridkessler.de\/en\/repertoire\/","name":"Repertoire &#8226; Astrid Kessler","isPartOf":{"@id":"https:\/\/astridkessler.de\/en\/#website"},"datePublished":"2016-06-23T10:57:08+00:00","dateModified":"2025-01-31T11:07:36+00:00","breadcrumb":{"@id":"https:\/\/astridkessler.de\/en\/repertoire\/#breadcrumb"},"inLanguage":"en-US","potentialAction":[{"@type":"ReadAction","target":["https:\/\/astridkessler.de\/en\/repertoire\/"]}]},{"@type":"BreadcrumbList","@id":"https:\/\/astridkessler.de\/en\/repertoire\/#breadcrumb","itemListElement":[{"@type":"ListItem","position":1,"name":"Startseite","item":"https:\/\/astridkessler.de\/en\/"},{"@type":"ListItem","position":2,"name":"Repertoire"}]},{"@type":"WebSite","@id":"https:\/\/astridkessler.de\/en\/#website","url":"https:\/\/astridkessler.de\/en\/","name":"Astrid Kessler","description":"Soprano","potentialAction":[{"@type":"SearchAction","target":{"@type":"EntryPoint","urlTemplate":"https:\/\/astridkessler.de\/en\/?s={search_term_string}"},"query-input":{"@type":"PropertyValueSpecification","valueRequired":true,"valueName":"search_term_string"}}],"inLanguage":"en-US"}]}},"_links":{"self":[{"href":"https:\/\/astridkessler.de\/en\/wp-json\/wp\/v2\/pages\/4548","targetHints":{"allow":["GET"]}}],"collection":[{"href":"https:\/\/astridkessler.de\/en\/wp-json\/wp\/v2\/pages"}],"about":[{"href":"https:\/\/astridkessler.de\/en\/wp-json\/wp\/v2\/types\/page"}],"author":[{"embeddable":true,"href":"https:\/\/astridkessler.de\/en\/wp-json\/wp\/v2\/users\/1"}],"replies":[{"embeddable":true,"href":"https:\/\/astridkessler.de\/en\/wp-json\/wp\/v2\/comments?post=4548"}],"version-history":[{"count":96,"href":"https:\/\/astridkessler.de\/en\/wp-json\/wp\/v2\/pages\/4548\/revisions"}],"predecessor-version":[{"id":6553,"href":"https:\/\/astridkessler.de\/en\/wp-json\/wp\/v2\/pages\/4548\/revisions\/6553"}],"wp:attachment":[{"href":"https:\/\/astridkessler.de\/en\/wp-json\/wp\/v2\/media?parent=4548"}],"curies":[{"name":"wp","href":"https:\/\/api.w.org\/{rel}","templated":true}]}}